{"id":39,"date":"2015-07-18T17:12:36","date_gmt":"2015-07-18T17:12:36","guid":{"rendered":"http:\/\/testing4.noralemilenio.com\/about\/"},"modified":"2024-09-19T19:32:31","modified_gmt":"2024-09-19T17:32:31","slug":"guillermo-rodriguez","status":"publish","type":"page","link":"https:\/\/atelieroxidum.com\/de\/guillermo-rodriguez\/","title":{"rendered":"Guillermo Rodr\u00edguez"},"content":{"rendered":"<div class=\"wpb-content-wrapper\"><p>[vc_row][vc_column width=&#8220;1\/3&#8243;][vc_single_image image=&#8220;291&#8243; img_size=&#8220;444&#215;740&#8243; onclick=&#8220;link_image&#8220;][vc_column_text]<\/p>\n<div class=\"row\">\n<div class=\"col-xs-12 col-sm-12 col-md-4\">\n<p>&nbsp;<\/p><\/div>\n<\/div>\n<p>[\/vc_column_text][\/vc_column][vc_column width=&#8220;2\/3&#8243;][vc_column_text css=&#8220;&#8220;]<strong>Guillermo Rodr\u00edguez <\/strong><em><strong>Guillerm\u00edn<\/strong><\/em><\/p>\n<hr \/>\n<p>Geboren in Badajoz im Jahr 1958 und lebt in Mallorca seit 1959. Get Malkurse in der Studie von Edwind Dickman (1974-1975), im Club de Pollensa (1975-1976) und die Massana School of Barcelona (1977-1979).<\/p>\n<p>Er reist nach Paris im Jahr 1979, wo ein Jahr Lernen an der Ecole de Beaux Arts lebt, wo sein Interesse an der Skulptur im Jahr 1980 beginnt und reist durch Europa und Afrika seine Landschaften zu entdecken. Im Jahre 1983 lie\u00df er sich in Z\u00fcrich und am Ende des folgenden Jahres in Madrid, auf der Restaurierungswerkstatt von Luis Booklet arbeiten.<\/p>\n<p>Im Jahr 1988 zieht er in der Schweiz, wo in Rotem Stoffe ausgesetzt. Im Jahr 1993 begann er mit der Galerie Loes Verhoeven regelm\u00e4\u00dfig bis 1997 Resides in Florenz arbeitet, am Spinelli Institut Klassen in Malerei und Skulptur besuchen. Er\u00f6ffnete sein eigenes Atelier und Galerie Forch 307, die bisher mit einer Gruppe von Schweizeren Innenarchitekten arbeiten Ausstellungen und andere K\u00fcnstler bis 2013 Von 1995 j\u00e4hrlich pr\u00e4sentiert macht, die weltweit Projekte machen; Einf\u00fchrung in Hotels und Privath\u00e4usern seine Arbeit.<\/p>\n<p>Im Jahr 2010 kehrt nach Mallorca, wo er angesiedelt und ein Studio in Valldemossa ge\u00f6ffnet und h\u00e4lt sein Atelier in Z\u00fcrich und den Kontakt mit seinen Kunden weltweit: Schweiz, Frankreich, England, Deutschland, Italien, Japan, Amerika. Portugal und Espa\u00f1a.Actualmente noch lebt und arbeitet zwischen Valldemossa und der Schweiz.<\/p>\n<hr \/>\n<p><b>AUSSTELLUNGEN:<\/b><\/p>\n<ul>\n<li>Art Fair, Z\u00fcrich (2006, 2007, 2008, 2009, 2010)<\/li>\n<li>Art Fair, Montreux (1991,1992,1993)<\/li>\n<li>Karbonari, Sevilla (1988)<\/li>\n<\/ul>\n<hr \/>\n<p><b>AUSSTELLUNGEN:<\/b><\/p>\n<ul>\n<li>Landschaften der Seele, Galeria Sa Tafona, Belmond La Residencia | Deia (2016)<\/li>\n<li>Castaways, Fundaci\u00f3 Cultural Coll Bardolet | Valldemossa, Mallorca (2015)<\/li>\n<li>Galerie 307 Forch, Z\u00fcrich (1997 bis 2013)<\/li>\n<li>Galerie Loes Verhoeven, Z\u00fcrich (1993,1994,1995)<\/li>\n<\/ul>\n<p>[\/vc_column_text][\/vc_column][\/vc_row]<\/p>\n<\/div>","protected":false},"excerpt":{"rendered":"<p>[vc_row][vc_column width=&#8220;1\/3&#8243;][vc_single_image image=&#8220;291&#8243; img_size=&#8220;444&#215;740&#8243; onclick=&#8220;link_image&#8220;][vc_column_text] &nbsp; [\/vc_column_text][\/vc_column][vc_column width=&#8220;2\/3&#8243;][vc_column_text css=&#8220;&#8220;]Guillermo Rodr\u00edguez Guillerm\u00edn Geboren in Badajoz im Jahr 1958 und lebt in Mallorca seit 1959. Get Malkurse in der Studie von Edwind Dickman (1974-1975), im Club de &#8230;<\/p>\n","protected":false},"author":1,"featured_media":0,"parent":0,"menu_order":2,"comment_status":"closed","ping_status":"closed","template":"","meta":{"footnotes":""},"class_list":["post-39","page","type-page","status-publish","hentry"],"yoast_head":"<!-- This site is optimized with the Yoast SEO plugin v27.4 - https:\/\/yoast.com\/product\/yoast-seo-wordpress\/ -->\n<title>Guillermo Rodr\u00edguez - Atelier Oxidum<\/title>\n<meta name=\"robots\" content=\"index, follow, max-snippet:-1, max-image-preview:large, max-video-preview:-1\" \/>\n<link rel=\"canonical\" href=\"https:\/\/atelieroxidum.com\/de\/guillermo-rodriguez\/\" \/>\n<meta property=\"og:locale\" content=\"de_DE\" \/>\n<meta property=\"og:type\" content=\"article\" \/>\n<meta property=\"og:title\" content=\"Guillermo Rodr\u00edguez - Atelier Oxidum\" \/>\n<meta property=\"og:description\" content=\"[vc_row][vc_column width=&#8220;1\/3&#8243;][vc_single_image image=&#8220;291&#8243; img_size=&#8220;444&#215;740&#8243; onclick=&#8220;link_image&#8220;][vc_column_text] &nbsp; [\/vc_column_text][\/vc_column][vc_column width=&#8220;2\/3&#8243;][vc_column_text css=&#8220;&#8220;]Guillermo Rodr\u00edguez Guillerm\u00edn Geboren in Badajoz im Jahr 1958 und lebt in Mallorca seit 1959. Get Malkurse in der Studie von Edwind Dickman (1974-1975), im Club de ...\" \/>\n<meta property=\"og:url\" content=\"https:\/\/atelieroxidum.com\/de\/guillermo-rodriguez\/\" \/>\n<meta property=\"og:site_name\" content=\"Atelier Oxidum\" \/>\n<meta property=\"article:publisher\" content=\"https:\/\/www.facebook.com\/profile.php?id=100013999020301&amp;amp%3bamp%3bamp%3bref=br_rs\" \/>\n<meta property=\"article:modified_time\" content=\"2024-09-19T17:32:31+00:00\" \/>\n<meta name=\"twitter:card\" content=\"summary_large_image\" \/>\n<meta name=\"twitter:label1\" content=\"Gesch\u00e4tzte Lesezeit\" \/>\n\t<meta name=\"twitter:data1\" content=\"2\u00a0Minuten\" \/>\n<script type=\"application\/ld+json\" class=\"yoast-schema-graph\">{\"@context\":\"https:\\\/\\\/schema.org\",\"@graph\":[{\"@type\":\"WebPage\",\"@id\":\"https:\\\/\\\/atelieroxidum.com\\\/de\\\/guillermo-rodriguez\\\/\",\"url\":\"https:\\\/\\\/atelieroxidum.com\\\/de\\\/guillermo-rodriguez\\\/\",\"name\":\"Guillermo Rodr\u00edguez - Atelier Oxidum\",\"isPartOf\":{\"@id\":\"https:\\\/\\\/atelieroxidum.com\\\/de\\\/#website\"},\"datePublished\":\"2015-07-18T17:12:36+00:00\",\"dateModified\":\"2024-09-19T17:32:31+00:00\",\"breadcrumb\":{\"@id\":\"https:\\\/\\\/atelieroxidum.com\\\/de\\\/guillermo-rodriguez\\\/#breadcrumb\"},\"inLanguage\":\"de\",\"potentialAction\":[{\"@type\":\"ReadAction\",\"target\":[\"https:\\\/\\\/atelieroxidum.com\\\/de\\\/guillermo-rodriguez\\\/\"]}]},{\"@type\":\"BreadcrumbList\",\"@id\":\"https:\\\/\\\/atelieroxidum.com\\\/de\\\/guillermo-rodriguez\\\/#breadcrumb\",\"itemListElement\":[{\"@type\":\"ListItem\",\"position\":1,\"name\":\"Portada\",\"item\":\"https:\\\/\\\/atelieroxidum.com\\\/de\\\/\"},{\"@type\":\"ListItem\",\"position\":2,\"name\":\"Guillermo Rodr\u00edguez\"}]},{\"@type\":\"WebSite\",\"@id\":\"https:\\\/\\\/atelieroxidum.com\\\/de\\\/#website\",\"url\":\"https:\\\/\\\/atelieroxidum.com\\\/de\\\/\",\"name\":\"Atelier Oxidum\",\"description\":\"Unique Design Objects\",\"potentialAction\":[{\"@type\":\"SearchAction\",\"target\":{\"@type\":\"EntryPoint\",\"urlTemplate\":\"https:\\\/\\\/atelieroxidum.com\\\/de\\\/?s={search_term_string}\"},\"query-input\":{\"@type\":\"PropertyValueSpecification\",\"valueRequired\":true,\"valueName\":\"search_term_string\"}}],\"inLanguage\":\"de\"}]}<\/script>\n<!-- \/ Yoast SEO plugin. -->","yoast_head_json":{"title":"Guillermo Rodr\u00edguez - Atelier Oxidum","robots":{"index":"index","follow":"follow","max-snippet":"max-snippet:-1","max-image-preview":"max-image-preview:large","max-video-preview":"max-video-preview:-1"},"canonical":"https:\/\/atelieroxidum.com\/de\/guillermo-rodriguez\/","og_locale":"de_DE","og_type":"article","og_title":"Guillermo Rodr\u00edguez - Atelier Oxidum","og_description":"[vc_row][vc_column width=&#8220;1\/3&#8243;][vc_single_image image=&#8220;291&#8243; img_size=&#8220;444&#215;740&#8243; onclick=&#8220;link_image&#8220;][vc_column_text] &nbsp; [\/vc_column_text][\/vc_column][vc_column width=&#8220;2\/3&#8243;][vc_column_text css=&#8220;&#8220;]Guillermo Rodr\u00edguez Guillerm\u00edn Geboren in Badajoz im Jahr 1958 und lebt in Mallorca seit 1959. Get Malkurse in der Studie von Edwind Dickman (1974-1975), im Club de ...","og_url":"https:\/\/atelieroxidum.com\/de\/guillermo-rodriguez\/","og_site_name":"Atelier Oxidum","article_publisher":"https:\/\/www.facebook.com\/profile.php?id=100013999020301&amp%3bamp%3bamp%3bref=br_rs","article_modified_time":"2024-09-19T17:32:31+00:00","twitter_card":"summary_large_image","twitter_misc":{"Gesch\u00e4tzte Lesezeit":"2\u00a0Minuten"},"schema":{"@context":"https:\/\/schema.org","@graph":[{"@type":"WebPage","@id":"https:\/\/atelieroxidum.com\/de\/guillermo-rodriguez\/","url":"https:\/\/atelieroxidum.com\/de\/guillermo-rodriguez\/","name":"Guillermo Rodr\u00edguez - Atelier Oxidum","isPartOf":{"@id":"https:\/\/atelieroxidum.com\/de\/#website"},"datePublished":"2015-07-18T17:12:36+00:00","dateModified":"2024-09-19T17:32:31+00:00","breadcrumb":{"@id":"https:\/\/atelieroxidum.com\/de\/guillermo-rodriguez\/#breadcrumb"},"inLanguage":"de","potentialAction":[{"@type":"ReadAction","target":["https:\/\/atelieroxidum.com\/de\/guillermo-rodriguez\/"]}]},{"@type":"BreadcrumbList","@id":"https:\/\/atelieroxidum.com\/de\/guillermo-rodriguez\/#breadcrumb","itemListElement":[{"@type":"ListItem","position":1,"name":"Portada","item":"https:\/\/atelieroxidum.com\/de\/"},{"@type":"ListItem","position":2,"name":"Guillermo Rodr\u00edguez"}]},{"@type":"WebSite","@id":"https:\/\/atelieroxidum.com\/de\/#website","url":"https:\/\/atelieroxidum.com\/de\/","name":"Atelier Oxidum","description":"Unique Design Objects","potentialAction":[{"@type":"SearchAction","target":{"@type":"EntryPoint","urlTemplate":"https:\/\/atelieroxidum.com\/de\/?s={search_term_string}"},"query-input":{"@type":"PropertyValueSpecification","valueRequired":true,"valueName":"search_term_string"}}],"inLanguage":"de"}]}},"_links":{"self":[{"href":"https:\/\/atelieroxidum.com\/de\/wp-json\/wp\/v2\/pages\/39","targetHints":{"allow":["GET"]}}],"collection":[{"href":"https:\/\/atelieroxidum.com\/de\/wp-json\/wp\/v2\/pages"}],"about":[{"href":"https:\/\/atelieroxidum.com\/de\/wp-json\/wp\/v2\/types\/page"}],"author":[{"embeddable":true,"href":"https:\/\/atelieroxidum.com\/de\/wp-json\/wp\/v2\/users\/1"}],"replies":[{"embeddable":true,"href":"https:\/\/atelieroxidum.com\/de\/wp-json\/wp\/v2\/comments?post=39"}],"version-history":[{"count":129,"href":"https:\/\/atelieroxidum.com\/de\/wp-json\/wp\/v2\/pages\/39\/revisions"}],"predecessor-version":[{"id":864,"href":"https:\/\/atelieroxidum.com\/de\/wp-json\/wp\/v2\/pages\/39\/revisions\/864"}],"wp:attachment":[{"href":"https:\/\/atelieroxidum.com\/de\/wp-json\/wp\/v2\/media?parent=39"}],"curies":[{"name":"wp","href":"https:\/\/api.w.org\/{rel}","templated":true}]}}